{"id":627,"date":"2016-01-19T13:31:50","date_gmt":"2016-01-19T12:31:50","guid":{"rendered":"http:\/\/www.clinicaserralta.com\/?page_id=627"},"modified":"2016-09-29T10:24:31","modified_gmt":"2016-09-29T09:24:31","slug":"consentimientos","status":"publish","type":"page","link":"https:\/\/www.clinicaserralta.com\/en\/consents\/","title":{"rendered":"Consents"},"content":{"rendered":"<p>If you are patient of Clinica Serralta and you need any of our documents concerning consent, you can apply through the e-mail <a href=\"mailto:administracion@clinicaserralta.com\" onclick=\"_gaq.push(['_trackEvent', 'Email', 'administracion@clinicaserralta.com'])\">administracion@clinicaserralta.com<\/a>\u00a0with your data: name, surname, ID number, telephone number, procedure for which consent is sought and date that will be held.<\/p>","protected":false},"excerpt":{"rendered":"<p>If you are patient of Clinica Serralta and you need any of our documents concerning consent, you can apply through the e-mail administracion@clinicaserralta.com\u00a0with your data: name, surname, ID number, telephone number, procedure for which consent is sought and date that &hellip; <a href=\"https:\/\/www.clinicaserralta.com\/en\/consents\/\">Continue reading <span class=\"meta-nav\">&rarr;<\/span><\/a><\/p>\n","protected":false},"author":8,"featured_media":0,"parent":0,"menu_order":0,"comment_status":"closed","ping_status":"closed","template":"","meta":{"_acf_changed":false,"footnotes":""},"class_list":["post-627","page","type-page","status-publish","hentry"],"acf":[],"yoast_head":"<!-- This site is optimized with the Yoast SEO plugin v24.9 - https:\/\/yoast.com\/wordpress\/plugins\/seo\/ -->\n<title>Consentimientos y documentos para pacientes - Cl\u00ednica Serralta<\/title>\n<meta name=\"description\" content=\"Solicita nuestros consentimientos y documentos con tus datos a trav\u00e9s de la direcci\u00f3n de correo administracion@clinicaserralta.com\" \/>\n<meta name=\"robots\" content=\"index, follow, max-snippet:-1, max-image-preview:large, max-video-preview:-1\" \/>\n<link rel=\"canonical\" href=\"https:\/\/www.clinicaserralta.com\/consentimientos\/\" \/>\n<meta property=\"og:locale\" content=\"en_US\" \/>\n<meta property=\"og:type\" content=\"article\" \/>\n<meta property=\"og:title\" content=\"Consentimientos y documentos para pacientes - Cl\u00ednica Serralta\" \/>\n<meta property=\"og:description\" content=\"Solicita nuestros consentimientos y documentos con tus datos a trav\u00e9s de la direcci\u00f3n de correo administracion@clinicaserralta.com\" \/>\n<meta property=\"og:url\" content=\"https:\/\/www.clinicaserralta.com\/consentimientos\/\" \/>\n<meta property=\"article:publisher\" content=\"https:\/\/www.facebook.com\/GrupoClinicaSerralta\/\" \/>\n<meta property=\"article:modified_time\" content=\"2016-09-29T09:24:31+00:00\" \/>\n<meta property=\"og:image\" content=\"https:\/\/www.clinicaserralta.com\/wp-content\/uploads\/Equipo2b.jpg\" \/>\n\t<meta property=\"og:image:width\" content=\"3456\" \/>\n\t<meta property=\"og:image:height\" content=\"1314\" \/>\n\t<meta property=\"og:image:type\" content=\"image\/jpeg\" \/>\n<meta name=\"twitter:card\" content=\"summary_large_image\" \/>\n<meta name=\"twitter:label1\" content=\"Est. reading time\" \/>\n\t<meta name=\"twitter:data1\" content=\"1 minute\" \/>\n<script type=\"application\/ld+json\" class=\"yoast-schema-graph\">{\"@context\":\"https:\/\/schema.org\",\"@graph\":[{\"@type\":\"WebPage\",\"@id\":\"https:\/\/www.clinicaserralta.com\/consentimientos\/\",\"url\":\"https:\/\/www.clinicaserralta.com\/consentimientos\/\",\"name\":\"Consentimientos y documentos para pacientes - Cl\u00ednica Serralta\",\"isPartOf\":{\"@id\":\"https:\/\/www.clinicaserralta.com\/en\/#website\"},\"datePublished\":\"2016-01-19T12:31:50+00:00\",\"dateModified\":\"2016-09-29T09:24:31+00:00\",\"description\":\"Solicita nuestros consentimientos y documentos con tus datos a trav\u00e9s de la direcci\u00f3n de correo administracion@clinicaserralta.com\",\"breadcrumb\":{\"@id\":\"https:\/\/www.clinicaserralta.com\/consentimientos\/#breadcrumb\"},\"inLanguage\":\"en-US\",\"potentialAction\":[{\"@type\":\"ReadAction\",\"target\":[\"https:\/\/www.clinicaserralta.com\/consentimientos\/\"]}]},{\"@type\":\"BreadcrumbList\",\"@id\":\"https:\/\/www.clinicaserralta.com\/consentimientos\/#breadcrumb\",\"itemListElement\":[{\"@type\":\"ListItem\",\"position\":1,\"name\":\"Portada\",\"item\":\"https:\/\/www.clinicaserralta.com\/\"},{\"@type\":\"ListItem\",\"position\":2,\"name\":\"Consentimientos\"}]},{\"@type\":\"WebSite\",\"@id\":\"https:\/\/www.clinicaserralta.com\/en\/#website\",\"url\":\"https:\/\/www.clinicaserralta.com\/en\/\",\"name\":\"\",\"description\":\"\",\"potentialAction\":[{\"@type\":\"SearchAction\",\"target\":{\"@type\":\"EntryPoint\",\"urlTemplate\":\"https:\/\/www.clinicaserralta.com\/en\/?s={search_term_string}\"},\"query-input\":{\"@type\":\"PropertyValueSpecification\",\"valueRequired\":true,\"valueName\":\"search_term_string\"}}],\"inLanguage\":\"en-US\"}]}<\/script>\n<!-- \/ Yoast SEO plugin. -->","yoast_head_json":{"title":"Consentimientos y documentos para pacientes - Cl\u00ednica Serralta","description":"Solicita nuestros consentimientos y documentos con tus datos a trav\u00e9s de la direcci\u00f3n de correo administracion@clinicaserralta.com","robots":{"index":"index","follow":"follow","max-snippet":"max-snippet:-1","max-image-preview":"max-image-preview:large","max-video-preview":"max-video-preview:-1"},"canonical":"https:\/\/www.clinicaserralta.com\/consentimientos\/","og_locale":"en_US","og_type":"article","og_title":"Consentimientos y documentos para pacientes - Cl\u00ednica Serralta","og_description":"Solicita nuestros consentimientos y documentos con tus datos a trav\u00e9s de la direcci\u00f3n de correo administracion@clinicaserralta.com","og_url":"https:\/\/www.clinicaserralta.com\/consentimientos\/","article_publisher":"https:\/\/www.facebook.com\/GrupoClinicaSerralta\/","article_modified_time":"2016-09-29T09:24:31+00:00","og_image":[{"width":3456,"height":1314,"url":"https:\/\/www.clinicaserralta.com\/wp-content\/uploads\/Equipo2b.jpg","type":"image\/jpeg"}],"twitter_card":"summary_large_image","twitter_misc":{"Est. reading time":"1 minute"},"schema":{"@context":"https:\/\/schema.org","@graph":[{"@type":"WebPage","@id":"https:\/\/www.clinicaserralta.com\/consentimientos\/","url":"https:\/\/www.clinicaserralta.com\/consentimientos\/","name":"Consentimientos y documentos para pacientes - Cl\u00ednica Serralta","isPartOf":{"@id":"https:\/\/www.clinicaserralta.com\/en\/#website"},"datePublished":"2016-01-19T12:31:50+00:00","dateModified":"2016-09-29T09:24:31+00:00","description":"Solicita nuestros consentimientos y documentos con tus datos a trav\u00e9s de la direcci\u00f3n de correo administracion@clinicaserralta.com","breadcrumb":{"@id":"https:\/\/www.clinicaserralta.com\/consentimientos\/#breadcrumb"},"inLanguage":"en-US","potentialAction":[{"@type":"ReadAction","target":["https:\/\/www.clinicaserralta.com\/consentimientos\/"]}]},{"@type":"BreadcrumbList","@id":"https:\/\/www.clinicaserralta.com\/consentimientos\/#breadcrumb","itemListElement":[{"@type":"ListItem","position":1,"name":"Portada","item":"https:\/\/www.clinicaserralta.com\/"},{"@type":"ListItem","position":2,"name":"Consentimientos"}]},{"@type":"WebSite","@id":"https:\/\/www.clinicaserralta.com\/en\/#website","url":"https:\/\/www.clinicaserralta.com\/en\/","name":"","description":"","potentialAction":[{"@type":"SearchAction","target":{"@type":"EntryPoint","urlTemplate":"https:\/\/www.clinicaserralta.com\/en\/?s={search_term_string}"},"query-input":{"@type":"PropertyValueSpecification","valueRequired":true,"valueName":"search_term_string"}}],"inLanguage":"en-US"}]}},"_links":{"self":[{"href":"https:\/\/www.clinicaserralta.com\/en\/wp-json\/wp\/v2\/pages\/627","targetHints":{"allow":["GET"]}}],"collection":[{"href":"https:\/\/www.clinicaserralta.com\/en\/wp-json\/wp\/v2\/pages"}],"about":[{"href":"https:\/\/www.clinicaserralta.com\/en\/wp-json\/wp\/v2\/types\/page"}],"author":[{"embeddable":true,"href":"https:\/\/www.clinicaserralta.com\/en\/wp-json\/wp\/v2\/users\/8"}],"replies":[{"embeddable":true,"href":"https:\/\/www.clinicaserralta.com\/en\/wp-json\/wp\/v2\/comments?post=627"}],"version-history":[{"count":6,"href":"https:\/\/www.clinicaserralta.com\/en\/wp-json\/wp\/v2\/pages\/627\/revisions"}],"predecessor-version":[{"id":2933,"href":"https:\/\/www.clinicaserralta.com\/en\/wp-json\/wp\/v2\/pages\/627\/revisions\/2933"}],"wp:attachment":[{"href":"https:\/\/www.clinicaserralta.com\/en\/wp-json\/wp\/v2\/media?parent=627"}],"curies":[{"name":"wp","href":"https:\/\/api.w.org\/{rel}","templated":true}]}}